{"id":47099,"date":"2020-05-04T13:39:30","date_gmt":"2020-05-04T13:39:30","guid":{"rendered":"https:\/\/oaken.pt\/en\/?page_id=47099"},"modified":"2020-05-04T14:01:32","modified_gmt":"2020-05-04T14:01:32","slug":"portfolio","status":"publish","type":"page","link":"https:\/\/oaken.pt\/en\/portfolio\/","title":{"rendered":"Portf\u00f3lio"},"content":{"rendered":"<p>[et_pb_section fb_built=&#8221;1&#8243; custom_padding_last_edited=&#8221;on|phone&#8221; _builder_version=&#8221;4.4.4&#8243; background_color=&#8221;#f6f6f6&#8243; custom_margin=&#8221;0px||0px||true|false&#8221; custom_padding=&#8221;130px||130px||true|false&#8221; custom_padding_tablet=&#8221;100px||50px||false|false&#8221; custom_padding_phone=&#8221;&#8221;][et_pb_row use_custom_gutter=&#8221;on&#8221; gutter_width=&#8221;2&#8243; make_equal=&#8221;on&#8221; custom_padding_last_edited=&#8221;on|desktop&#8221; _builder_version=&#8221;4.4.4&#8243; width=&#8221;90%&#8221; max_width=&#8221;1200px&#8221; custom_margin=&#8221;0px||0px||true|false&#8221; custom_padding=&#8221;0px||30px||false|false&#8221; custom_padding_tablet=&#8221;||10px||false|false&#8221; custom_padding_phone=&#8221;&#8221;][et_pb_column type=&#8221;4_4&#8243; _builder_version=&#8221;4.4.4&#8243;][et_pb_text _builder_version=&#8221;4.4.4&#8243; header_font=&#8221;Roboto|100|||||||&#8221; header_text_align=&#8221;left&#8221; header_font_size=&#8221;43px&#8221; header_letter_spacing=&#8221;2px&#8221; header_line_height=&#8221;1.3em&#8221; header_2_font=&#8221;Roboto|100|||||||&#8221; header_2_font_size=&#8221;30px&#8221; custom_margin=&#8221;0px|30px|0px|30px|true|true&#8221; custom_margin_tablet=&#8221;|||30px|true|false&#8221; custom_margin_phone=&#8221;&#8221; custom_margin_last_edited=&#8221;on|desktop&#8221; custom_padding=&#8221;0px||0px||true|false&#8221; hover_enabled=&#8221;0&#8243; header_font_size_tablet=&#8221;35px&#8221; header_font_size_phone=&#8221;26px&#8221; header_font_size_last_edited=&#8221;on|desktop&#8221; header_letter_spacing_tablet=&#8221;1px&#8221; header_letter_spacing_phone=&#8221;0px&#8221; header_letter_spacing_last_edited=&#8221;on|phone&#8221; header_2_font_size_tablet=&#8221;26px&#8221; header_2_font_size_phone=&#8221;24px&#8221; header_2_font_size_last_edited=&#8221;on|phone&#8221; locked=&#8221;off&#8221;]<\/p>\n<h2 class=\"OK_Tittle01\" style=\"padding-bottom: 30px;\">Portf\u00f3lio<\/h2>\n<p>[\/et_pb_text][\/et_pb_column][\/et_pb_row][et_pb_row column_structure=&#8221;1_3,1_3,1_3&#8243; _builder_version=&#8221;4.4.4&#8243; width=&#8221;90%&#8221; max_width=&#8221;1200px&#8221; custom_margin=&#8221;0px||0px||true|false&#8221; custom_padding=&#8221;0px||0px||true|false&#8221; hover_enabled=&#8221;0&#8243;][et_pb_column type=&#8221;1_3&#8243; _builder_version=&#8221;4.4.4&#8243;][et_pb_image src=&#8221;https:\/\/oaken.pt\/en\/wp-content\/uploads\/2020\/05\/OA_Portfolio_01.jpg&#8221; title_text=&#8221;OA_Portfolio_01&#8243; url=&#8221;https:\/\/oaken.pt\/en\/cozinhas\/&#8221; align=&#8221;center&#8221; _builder_version=&#8221;4.4.4&#8243; max_width=&#8221;360px&#8221; module_alignment=&#8221;center&#8221; custom_margin=&#8221;0px||0px||true|false&#8221; custom_padding=&#8221;0px||0px||true|false&#8221; hover_enabled=&#8221;0&#8243;][\/et_pb_image][et_pb_button button_url=&#8221;https:\/\/oaken.pt\/en\/cozinhas\/&#8221; button_text=&#8221;Cozinhas&#8221; button_alignment=&#8221;center&#8221; _builder_version=&#8221;4.4.4&#8243; custom_margin=&#8221;30px||0px||false|false&#8221; hover_enabled=&#8221;0&#8243;][\/et_pb_button][\/et_pb_column][et_pb_column type=&#8221;1_3&#8243; _builder_version=&#8221;4.4.4&#8243;][et_pb_image src=&#8221;https:\/\/oaken.pt\/en\/wp-content\/uploads\/2020\/05\/OA_Portfolio_02.jpg&#8221; title_text=&#8221;OA_Portfolio_02&#8243; url=&#8221;https:\/\/oaken.pt\/en\/escritorio\/&#8221; align=&#8221;center&#8221; _builder_version=&#8221;4.4.4&#8243; max_width=&#8221;360px&#8221; module_alignment=&#8221;center&#8221; custom_margin=&#8221;0px||0px||true|false&#8221; custom_padding=&#8221;0px||0px||true|false&#8221; hover_enabled=&#8221;0&#8243;][\/et_pb_image][et_pb_button button_url=&#8221;https:\/\/oaken.pt\/en\/escritorio\/&#8221; button_text=&#8221;Escrit\u00f3rios&#8221; button_alignment=&#8221;center&#8221; _builder_version=&#8221;4.4.4&#8243; custom_margin=&#8221;30px||0px||false|false&#8221; hover_enabled=&#8221;0&#8243;][\/et_pb_button][\/et_pb_column][et_pb_column type=&#8221;1_3&#8243; _builder_version=&#8221;4.4.4&#8243;][et_pb_image src=&#8221;https:\/\/oaken.pt\/en\/wp-content\/uploads\/2020\/05\/OA_Portfolio_03.jpg&#8221; title_text=&#8221;OA_Portfolio_03&#8243; url=&#8221;https:\/\/oaken.pt\/en\/roupeiros\/&#8221; align=&#8221;center&#8221; _builder_version=&#8221;4.4.4&#8243; max_width=&#8221;360px&#8221; module_alignment=&#8221;center&#8221; custom_margin=&#8221;0px||0px||true|false&#8221; custom_padding=&#8221;0px||0px||true|false&#8221; hover_enabled=&#8221;0&#8243;][\/et_pb_image][et_pb_button button_url=&#8221;https:\/\/oaken.pt\/en\/roupeiros\/&#8221; button_text=&#8221;Roupeiros&#8221; button_alignment=&#8221;center&#8221; _builder_version=&#8221;4.4.4&#8243; custom_margin=&#8221;30px||0px||false|false&#8221; hover_enabled=&#8221;0&#8243;][\/et_pb_button][\/et_pb_column][\/et_pb_row][et_pb_row column_structure=&#8221;1_3,1_3,1_3&#8243; _builder_version=&#8221;4.4.4&#8243; width=&#8221;90%&#8221; max_width=&#8221;1200px&#8221; custom_margin=&#8221;0px||0px||true|false&#8221; custom_padding=&#8221;65px||0px||false|false&#8221; hover_enabled=&#8221;0&#8243;][et_pb_column type=&#8221;1_3&#8243; _builder_version=&#8221;4.4.4&#8243;][et_pb_image src=&#8221;https:\/\/oaken.pt\/en\/wp-content\/uploads\/2020\/05\/OA_Portfolio_04.jpg&#8221; title_text=&#8221;OA_Portfolio_04&#8243; url=&#8221;https:\/\/oaken.pt\/en\/casas-de-banho\/&#8221; align=&#8221;center&#8221; _builder_version=&#8221;4.4.4&#8243; max_width=&#8221;360px&#8221; module_alignment=&#8221;center&#8221; custom_margin=&#8221;0px||0px||true|false&#8221; custom_padding=&#8221;0px||0px||true|false&#8221; hover_enabled=&#8221;0&#8243;][\/et_pb_image][et_pb_button button_url=&#8221;https:\/\/oaken.pt\/en\/casas-de-banho\/&#8221; button_text=&#8221;Casas de banho&#8221; button_alignment=&#8221;center&#8221; _builder_version=&#8221;4.4.4&#8243; custom_margin=&#8221;30px||0px||false|false&#8221; hover_enabled=&#8221;0&#8243;][\/et_pb_button][\/et_pb_column][et_pb_column type=&#8221;1_3&#8243; _builder_version=&#8221;4.4.4&#8243;][et_pb_image src=&#8221;https:\/\/oaken.pt\/en\/wp-content\/uploads\/2020\/05\/OA_Portfolio_05.jpg&#8221; title_text=&#8221;OA_Portfolio_05&#8243; url=&#8221;https:\/\/oaken.pt\/en\/mobiliario-auxiliar\/&#8221; align=&#8221;center&#8221; _builder_version=&#8221;4.4.4&#8243; max_width=&#8221;360px&#8221; module_alignment=&#8221;center&#8221; custom_margin=&#8221;0px||0px||true|false&#8221; custom_padding=&#8221;0px||0px||true|false&#8221; hover_enabled=&#8221;0&#8243;][\/et_pb_image][et_pb_button button_url=&#8221;https:\/\/oaken.pt\/en\/mobiliario-auxiliar\/&#8221; button_text=&#8221;Mobili\u00e1rio auxiliar&#8221; button_alignment=&#8221;center&#8221; _builder_version=&#8221;4.4.4&#8243; custom_margin=&#8221;30px||0px||false|false&#8221; hover_enabled=&#8221;0&#8243;][\/et_pb_button][\/et_pb_column][et_pb_column type=&#8221;1_3&#8243; _builder_version=&#8221;4.4.4&#8243;][\/et_pb_column][\/et_pb_row][\/et_pb_section][et_pb_section fb_built=&#8221;1&#8243; custom_padding_last_edited=&#8221;on|tablet&#8221; _builder_version=&#8221;4.4.4&#8243; custom_margin=&#8221;0px||0px||true|false&#8221; custom_padding=&#8221;50px||70px||false|false&#8221; custom_padding_tablet=&#8221;50px||50px||true|false&#8221; custom_padding_phone=&#8221;||60px||false|false&#8221; global_module=&#8221;46198&#8243; saved_tabs=&#8221;all&#8221;][et_pb_row column_structure=&#8221;1_4,1_4,1_4,1_4&#8243; use_custom_gutter=&#8221;on&#8221; gutter_width=&#8221;2&#8243; make_equal=&#8221;on&#8221; _builder_version=&#8221;4.4.4&#8243; width=&#8221;90%&#8221; max_width=&#8221;90%&#8221; custom_margin=&#8221;0px||0px||true|false&#8221; custom_padding=&#8221;0px||0px||true|false&#8221;][et_pb_column type=&#8221;1_4&#8243; module_class=&#8221;OKColumn01&#8243; _builder_version=&#8221;4.4.4&#8243;][et_pb_image src=&#8221;https:\/\/oaken.pt\/en\/wp-content\/uploads\/2020\/04\/OK_LogotipoDesktop_04.png&#8221; title_text=&#8221;OK_LogotipoDesktop_04&#8243; align_tablet=&#8221;left&#8221; align_last_edited=&#8221;off|desktop&#8221; disabled_on=&#8221;on|off|off&#8221; _builder_version=&#8221;4.4.4&#8243; custom_margin=&#8221;0px||0px||true|false&#8221; custom_padding=&#8221;0px||0px||true|false&#8221;][\/et_pb_image][\/et_pb_column][et_pb_column type=&#8221;1_4&#8243; module_class=&#8221;OKColumn02&#8243; _builder_version=&#8221;4.4.4&#8243;][et_pb_text module_class=&#8221;OK_footer_links&#8221; _builder_version=&#8221;4.4.4&#8243; text_font_size=&#8221;11px&#8221; text_letter_spacing=&#8221;1px&#8221; text_line_height=&#8221;1.5em&#8221; custom_margin=&#8221;0px||0px||true|false&#8221; custom_padding=&#8221;0px||0px||true|false&#8221; custom_padding_tablet=&#8221;&#8221; custom_padding_phone=&#8221;|||20px|true|false&#8221; custom_padding_last_edited=&#8221;on|desktop&#8221; hover_enabled=&#8221;0&#8243;]<\/p>\n<p><a href=\"https:\/\/oaken.pt\/en\/quem-somos\/\">QUEM SOMOS<\/a><\/p>\n<p><a href=\"https:\/\/oaken.pt\/en\/servicos\/\">SERVI\u00c7OS<\/a><\/p>\n<p><a href=\"https:\/\/oaken.pt\/en\/ambientes\/\">AMBIENTES<\/a><\/p>\n<p><a href=\"https:\/\/oaken.pt\/en\/portfolio\/\">PORTF\u00d3LIO<\/a><\/p>\n<p><a href=\"https:\/\/oaken.pt\/en\/contactos\/\">CONTACTOS<\/a><\/p>\n<p>[\/et_pb_text][\/et_pb_column][et_pb_column type=&#8221;1_4&#8243; module_class=&#8221;OKColumn03&#8243; _builder_version=&#8221;4.4.4&#8243;][et_pb_text module_class=&#8221;OK_footer_links&#8221; _builder_version=&#8221;4.4.4&#8243; text_font=&#8221;||||||||&#8221; text_font_size=&#8221;14px&#8221; text_letter_spacing=&#8221;1px&#8221; text_line_height=&#8221;1.5em&#8221; custom_margin=&#8221;0px||0px||true|false&#8221; custom_padding=&#8221;0px||0px||true|false&#8221;]<\/p>\n<p>T. <a href=\"tel:+351 255 872 194\">+351 255 872 194<\/a><\/p>\n<p><a href=\"mailto:geral@oaken.pt\">geral@oaken.pt<\/a><\/p>\n<p><a target=\"_blank\" href=\"https:\/\/goo.gl\/maps\/v9MTk2FaWHnnRfmi6\" rel=\"noopener noreferrer\">Rua de campos 154<br \/>4595-026 Pa\u00e7os de Ferreira Portugal<\/a><\/p>\n<p>[\/et_pb_text][\/et_pb_column][et_pb_column type=&#8221;1_4&#8243; module_class=&#8221;OKColumn04&#8243; _builder_version=&#8221;4.4.4&#8243;][et_pb_text module_class=&#8221;LinkFooterBranco&#8221; _builder_version=&#8221;4.4.4&#8243; text_font=&#8221;|||on|||||&#8221; text_font_size=&#8221;14px&#8221; text_letter_spacing=&#8221;1px&#8221; text_line_height=&#8221;1.5em&#8221; custom_margin=&#8221;0px||0px||true|false&#8221; custom_padding=&#8221;0px||0px||false|false&#8221; custom_padding_tablet=&#8221;&#8221; custom_padding_phone=&#8221;30px||||false|false&#8221; custom_padding_last_edited=&#8221;on|phone&#8221; text_orientation_tablet=&#8221;left&#8221; text_orientation_phone=&#8221;center&#8221; text_orientation_last_edited=&#8221;on|desktop&#8221; locked=&#8221;off&#8221;]Siga-nos[\/et_pb_text][et_pb_social_media_follow use_icon_font_size=&#8221;on&#8221; icon_font_size=&#8221;13px&#8221; _builder_version=&#8221;4.4.4&#8243; text_orientation=&#8221;left&#8221; custom_margin=&#8221;0px||0px||true|false&#8221; custom_padding=&#8221;10px||15px||false|false&#8221; custom_padding_tablet=&#8221;||20px||false|false&#8221; custom_padding_phone=&#8221;&#8221; custom_padding_last_edited=&#8221;on|tablet&#8221; text_orientation_tablet=&#8221;left&#8221; text_orientation_phone=&#8221;center&#8221; text_orientation_last_edited=&#8221;on|desktop&#8221; border_radii=&#8221;on|50px|50px|50px|50px&#8221; border_width_all=&#8221;1px&#8221; border_color_all=&#8221;#2b2a29&#8243;][et_pb_social_media_follow_network social_network=&#8221;facebook&#8221; url=&#8221;https:\/\/www.facebook.com\/oaken.pt\/&#8221; icon_color=&#8221;#2b2a29&#8243; _builder_version=&#8221;4.4.4&#8243; background_color=&#8221;#ffffff&#8221; background_enable_color=&#8221;on&#8221; background__hover_enabled=&#8221;on|hover&#8221; background_color__hover=&#8221;#2b2a29&#8243; background_enable_color__hover=&#8221;on&#8221; icon_color__hover_enabled=&#8221;on|desktop&#8221; icon_color__hover=&#8221;#ffffff&#8221; follow_button=&#8221;off&#8221; url_new_window=&#8221;on&#8221;]facebook[\/et_pb_social_media_follow_network][et_pb_social_media_follow_network social_network=&#8221;instagram&#8221; url=&#8221;https:\/\/www.instagram.com\/oakenindustriademobiliario\/&#8221; icon_color=&#8221;#2b2a29&#8243; _builder_version=&#8221;4.4.4&#8243; background_color=&#8221;#ffffff&#8221; background_enable_color=&#8221;on&#8221; background__hover_enabled=&#8221;on|hover&#8221; background_color__hover=&#8221;#2b2a29&#8243; background_enable_color__hover=&#8221;on&#8221; icon_color__hover_enabled=&#8221;on|desktop&#8221; icon_color__hover=&#8221;#ffffff&#8221; follow_button=&#8221;off&#8221; url_new_window=&#8221;on&#8221;]instagram[\/et_pb_social_media_follow_network][et_pb_social_media_follow_network social_network=&#8221;linkedin&#8221; url=&#8221;https:\/\/www.linkedin.com\/company\/oaken-cozinhas-kitchens\/&#8221; icon_color=&#8221;#2b2a29&#8243; _builder_version=&#8221;4.4.4&#8243; background_enable_color=&#8221;off&#8221; background__hover_enabled=&#8221;on|hover&#8221; background_color__hover=&#8221;#2b2a29&#8243; background_enable_color__hover=&#8221;on&#8221; icon_color__hover_enabled=&#8221;on|desktop&#8221; icon_color__hover=&#8221;#ffffff&#8221; follow_button=&#8221;off&#8221; url_new_window=&#8221;on&#8221;]linkedin[\/et_pb_social_media_follow_network][\/et_pb_social_media_follow][et_pb_text _builder_version=&#8221;4.4.4&#8243; text_font_size=&#8221;13px&#8221; text_line_height=&#8221;1.6em&#8221; custom_margin=&#8221;0px||0px||true|false&#8221; custom_padding=&#8221;0px||0px||true|false&#8221; text_orientation_tablet=&#8221;left&#8221; text_orientation_phone=&#8221;center&#8221; text_orientation_last_edited=&#8221;on|desktop&#8221;]<\/p>\n<p style=\"padding-bottom: 0px;\"><a target=\"_blank\" href=\"https:\/\/www.livroreclamacoes.pt\/inicio\" rel=\"noopener noreferrer\">Reclama\u00e7\u00f5es<\/a> \u00a0\u00a0 <a href=\"https:\/\/oaken.pt\/en\/protecao-de-dados\/#RLO\">RAL<\/a> \u00a0\u00a0 <a href=\"https:\/\/oaken.pt\/en\/protecao-de-dados\/#PP\"> Privacidade<\/a> \u00a0\u00a0 <a href=\"https:\/\/oaken.pt\/en\/protecao-de-dados\/#PC\">Cookies<\/a><\/p>\n<p style=\"padding-bottom: 0px;\">\u00a9 OAKEN <span style=\"padding: 0px 5px\">|<\/span> webdesign by: <a href=\"https:\/\/criativo.net\/\" target=\"_blank\" rel=\"noopener noreferrer\">criativo.net<\/a><\/p>\n<p>[\/et_pb_text][\/et_pb_column][\/et_pb_row][\/et_pb_section]<\/p>\n","protected":false},"excerpt":{"rendered":"<p>Portf\u00f3lioQUEM SOMOS SERVI\u00c7OS AMBIENTES PORTF\u00d3LIO CONTACTOST. +351 255 872 194 geral@oaken.pt Rua de campos 1544595-026 Pa\u00e7os de Ferreira PortugalSiga-nosfacebookinstagramlinkedinReclama\u00e7\u00f5es \u00a0\u00a0 RAL \u00a0\u00a0 Privacidade \u00a0\u00a0 Cookies \u00a9 OAKEN | webdesign by: criativo.net<\/p>\n","protected":false},"author":3,"featured_media":0,"parent":0,"menu_order":0,"comment_status":"closed","ping_status":"closed","template":"","meta":{"_et_pb_use_builder":"on","_et_pb_old_content":"","_et_gb_content_width":"","footnotes":""},"class_list":["post-47099","page","type-page","status-publish","hentry"],"_links":{"self":[{"href":"https:\/\/oaken.pt\/en\/wp-json\/wp\/v2\/pages\/47099","targetHints":{"allow":["GET"]}}],"collection":[{"href":"https:\/\/oaken.pt\/en\/wp-json\/wp\/v2\/pages"}],"about":[{"href":"https:\/\/oaken.pt\/en\/wp-json\/wp\/v2\/types\/page"}],"author":[{"embeddable":true,"href":"https:\/\/oaken.pt\/en\/wp-json\/wp\/v2\/users\/3"}],"replies":[{"embeddable":true,"href":"https:\/\/oaken.pt\/en\/wp-json\/wp\/v2\/comments?post=47099"}],"version-history":[{"count":4,"href":"https:\/\/oaken.pt\/en\/wp-json\/wp\/v2\/pages\/47099\/revisions"}],"predecessor-version":[{"id":47121,"href":"https:\/\/oaken.pt\/en\/wp-json\/wp\/v2\/pages\/47099\/revisions\/47121"}],"wp:attachment":[{"href":"https:\/\/oaken.pt\/en\/wp-json\/wp\/v2\/media?parent=47099"}],"curies":[{"name":"wp","href":"https:\/\/api.w.org\/{rel}","templated":true}]}}